{"id":833,"date":"2020-11-23T14:36:36","date_gmt":"2020-11-23T14:36:36","guid":{"rendered":"https:\/\/www.tricary.com\/?page_id=833"},"modified":"2020-12-22T16:19:09","modified_gmt":"2020-12-22T16:19:09","slug":"misiones-2","status":"publish","type":"page","link":"https:\/\/www.tricary.com\/index.php\/misiones-2\/","title":{"rendered":"Misiones"},"content":{"rendered":"\t\t<div data-elementor-type=\"wp-page\" data-elementor-id=\"833\" class=\"elementor elementor-833\" data-elementor-settings=\"[]\">\n\t\t\t\t\t\t<div class=\"elementor-inner\">\n\t\t\t\t\t\t\t<div class=\"elementor-section-wrap\">\n\t\t\t\t\t\t\t<section class=\"elementor-section elementor-top-section elementor-element elementor-element-2562b98 elementor-section-full_width elementor-hidden-phone elementor-section-height-default elementor-section-height-default\" data-id=\"2562b98\" data-element_type=\"section\" data-settings=\"{&quot;background_background&quot;:&quot;slideshow&quot;,&quot;background_slideshow_gallery&quot;:[{&quot;id&quot;:859,&quot;url&quot;:&quot;https:\\\/\\\/www.tricary.com\\\/wp-content\\\/uploads\\\/2020\\\/11\\\/satellite-2651890_1920.jpg&quot;}],&quot;background_slideshow_loop&quot;:&quot;yes&quot;,&quot;background_slideshow_slide_duration&quot;:5000,&quot;background_slideshow_slide_transition&quot;:&quot;fade&quot;,&quot;background_slideshow_transition_duration&quot;:500}\">\n\t\t\t\t\t\t<div class=\"elementor-container elementor-column-gap-default\">\n\t\t\t\t\t\t\t<div class=\"elementor-row\">\n\t\t\t\t\t<div class=\"elementor-column elementor-col-100 elementor-top-column elementor-element elementor-element-7f0f91a\" data-id=\"7f0f91a\" data-element_type=\"column\">\n\t\t\t<div class=\"elementor-column-wrap elementor-element-populated\">\n\t\t\t\t\t\t\t<div class=\"elementor-widget-wrap\">\n\t\t\t\t\t\t<div class=\"elementor-element elementor-element-0c89ac7 elementor-widget elementor-widget-spacer\" data-id=\"0c89ac7\" data-element_type=\"widget\" data-widget_type=\"spacer.default\">\n\t\t\t\t<div class=\"elementor-widget-container\">\n\t\t\t\t\t<div class=\"elementor-spacer\">\n\t\t\t<div class=\"elementor-spacer-inner\"><\/div>\n\t\t<\/div>\n\t\t\t\t<\/div>\n\t\t\t\t<\/div>\n\t\t\t\t<div class=\"elementor-element elementor-element-f2629f7 elementor-widget elementor-widget-spacer\" data-id=\"f2629f7\" data-element_type=\"widget\" data-widget_type=\"spacer.default\">\n\t\t\t\t<div class=\"elementor-widget-container\">\n\t\t\t\t\t<div class=\"elementor-spacer\">\n\t\t\t<div class=\"elementor-spacer-inner\"><\/div>\n\t\t<\/div>\n\t\t\t\t<\/div>\n\t\t\t\t<\/div>\n\t\t\t\t<div class=\"elementor-element elementor-element-671be13 elementor-widget elementor-widget-heading\" data-id=\"671be13\" data-element_type=\"widget\" data-widget_type=\"heading.default\">\n\t\t\t\t<div class=\"elementor-widget-container\">\n\t\t\t<h1 class=\"elementor-heading-title elementor-size-default\">Misiones<\/h1>\t\t<\/div>\n\t\t\t\t<\/div>\n\t\t\t\t<div class=\"elementor-element elementor-element-2c21022 elementor-widget elementor-widget-spacer\" data-id=\"2c21022\" data-element_type=\"widget\" data-widget_type=\"spacer.default\">\n\t\t\t\t<div class=\"elementor-widget-container\">\n\t\t\t\t\t<div class=\"elementor-spacer\">\n\t\t\t<div class=\"elementor-spacer-inner\"><\/div>\n\t\t<\/div>\n\t\t\t\t<\/div>\n\t\t\t\t<\/div>\n\t\t\t\t\t\t<\/div>\n\t\t\t\t\t<\/div>\n\t\t<\/div>\n\t\t\t\t\t\t\t\t<\/div>\n\t\t\t\t\t<\/div>\n\t\t<\/section>\n\t\t\t\t<section class=\"elementor-section elementor-top-section elementor-element elementor-element-2fe1679 elementor-section-boxed elementor-section-height-default elementor-section-height-default\" data-id=\"2fe1679\" data-element_type=\"section\">\n\t\t\t\t\t\t<div class=\"elementor-container elementor-column-gap-default\">\n\t\t\t\t\t\t\t<div class=\"elementor-row\">\n\t\t\t\t\t<div class=\"elementor-column elementor-col-100 elementor-top-column elementor-element elementor-element-91e44fb\" data-id=\"91e44fb\" data-element_type=\"column\">\n\t\t\t<div class=\"elementor-column-wrap elementor-element-populated\">\n\t\t\t\t\t\t\t<div class=\"elementor-widget-wrap\">\n\t\t\t\t\t\t<div class=\"elementor-element elementor-element-5bc412a elementor-widget elementor-widget-spacer\" data-id=\"5bc412a\" data-element_type=\"widget\" data-widget_type=\"spacer.default\">\n\t\t\t\t<div class=\"elementor-widget-container\">\n\t\t\t\t\t<div class=\"elementor-spacer\">\n\t\t\t<div class=\"elementor-spacer-inner\"><\/div>\n\t\t<\/div>\n\t\t\t\t<\/div>\n\t\t\t\t<\/div>\n\t\t\t\t<div class=\"elementor-element elementor-element-0d907f5 elementor-widget elementor-widget-heading\" data-id=\"0d907f5\" data-element_type=\"widget\" data-widget_type=\"heading.default\">\n\t\t\t\t<div class=\"elementor-widget-container\">\n\t\t\t<h2 class=\"elementor-heading-title elementor-size-default\">Misiones<\/h2>\t\t<\/div>\n\t\t\t\t<\/div>\n\t\t\t\t<div class=\"elementor-element elementor-element-bc34e8e elementor-widget elementor-widget-spacer\" data-id=\"bc34e8e\" data-element_type=\"widget\" data-widget_type=\"spacer.default\">\n\t\t\t\t<div class=\"elementor-widget-container\">\n\t\t\t\t\t<div class=\"elementor-spacer\">\n\t\t\t<div class=\"elementor-spacer-inner\"><\/div>\n\t\t<\/div>\n\t\t\t\t<\/div>\n\t\t\t\t<\/div>\n\t\t\t\t<div class=\"elementor-element elementor-element-5311b6a elementor-widget elementor-widget-text-editor\" data-id=\"5311b6a\" data-element_type=\"widget\" data-widget_type=\"text-editor.default\">\n\t\t\t\t<div class=\"elementor-widget-container\">\n\t\t\t\t\t<div class=\"elementor-text-editor elementor-clearfix\"><p>\u00a1Elige una misi\u00f3n y que comience la aventura!<\/p><\/div>\n\t\t\t\t<\/div>\n\t\t\t\t<\/div>\n\t\t\t\t\t\t<\/div>\n\t\t\t\t\t<\/div>\n\t\t<\/div>\n\t\t\t\t\t\t\t\t<\/div>\n\t\t\t\t\t<\/div>\n\t\t<\/section>\n\t\t\t\t<section class=\"elementor-section elementor-top-section elementor-element elementor-element-2eb35d5 elementor-section-boxed elementor-section-height-default elementor-section-height-default\" data-id=\"2eb35d5\" data-element_type=\"section\">\n\t\t\t\t\t\t<div class=\"elementor-container elementor-column-gap-default\">\n\t\t\t\t\t\t\t<div class=\"elementor-row\">\n\t\t\t\t\t<div class=\"elementor-column elementor-col-100 elementor-top-column elementor-element elementor-element-40ca7cb\" data-id=\"40ca7cb\" data-element_type=\"column\">\n\t\t\t<div class=\"elementor-column-wrap elementor-element-populated\">\n\t\t\t\t\t\t\t<div class=\"elementor-widget-wrap\">\n\t\t\t\t\t\t<div class=\"elementor-element elementor-element-abd39ca elementor-grid-eael-col-4 elementor-grid-tablet-eael-col-2 elementor-grid-mobile-eael-col-1 elementor-widget elementor-widget-eael-post-grid\" data-id=\"abd39ca\" data-element_type=\"widget\" data-settings=\"{&quot;eael_post_grid_columns&quot;:&quot;eael-col-4&quot;,&quot;eael_post_grid_columns_tablet&quot;:&quot;eael-col-2&quot;,&quot;eael_post_grid_columns_mobile&quot;:&quot;eael-col-1&quot;}\" data-widget_type=\"eael-post-grid.default\">\n\t\t\t\t<div class=\"elementor-widget-container\">\n\t\t\t<div id=\"eael-post-grid-abd39ca\" class=\"eael-post-grid-container\">\n            <div class=\"eael-post-grid eael-post-appender eael-post-appender-abd39ca eael-post-grid-style-default\" data-layout-mode=\"masonry\"><article class=\"eael-grid-post eael-post-grid-column\" data-id=\"2814\">\n        <div class=\"eael-grid-post-holder\">\n            <div class=\"eael-grid-post-holder-inner\"><div class=\"eael-entry-media\"><div class=\"eael-entry-overlay fade-in\"><i class=\"fas fa-long-arrow-alt-right\" aria-hidden=\"true\"><\/i><a href=\"https:\/\/www.tricary.com\/index.php\/2021\/06\/16\/lisboa_final\/\"><\/a><\/div><div class=\"eael-entry-thumbnail\">\n                <img width=\"300\" height=\"300\" src=\"https:\/\/www.tricary.com\/wp-content\/uploads\/2020\/11\/foto_tour-3-300x300.jpg\" class=\"attachment-medium size-medium\" alt=\"\" loading=\"lazy\" srcset=\"https:\/\/www.tricary.com\/wp-content\/uploads\/2020\/11\/foto_tour-3-300x300.jpg 300w, https:\/\/www.tricary.com\/wp-content\/uploads\/2020\/11\/foto_tour-3-150x150.jpg 150w, https:\/\/www.tricary.com\/wp-content\/uploads\/2020\/11\/foto_tour-3-100x100.jpg 100w, https:\/\/www.tricary.com\/wp-content\/uploads\/2020\/11\/foto_tour-3.jpg 508w\" sizes=\"(max-width: 300px) 100vw, 300px\" \/>\n            <\/div>\n        <\/div><div class=\"eael-entry-wrapper\"><div class=\"eael-entry-content\">\n                        <div class=\"eael-grid-post-excerpt\"><p>Mi nombre es Titor y soy un viajero del tiempo. \u00bfPuedo confiar en vosotros para...<\/p><a\n                            href=\"https:\/\/www.tricary.com\/index.php\/2021\/06\/16\/lisboa_final\/\"\n                            class=\"eael-post-elements-readmore-btn\">Empezar<\/a><\/div>\n                    <\/div><\/div><\/div>\n        <\/div>\n    <\/article><article class=\"eael-grid-post eael-post-grid-column\" data-id=\"2802\">\n        <div class=\"eael-grid-post-holder\">\n            <div class=\"eael-grid-post-holder-inner\"><div class=\"eael-entry-media\"><div class=\"eael-entry-overlay fade-in\"><i class=\"fas fa-long-arrow-alt-right\" aria-hidden=\"true\"><\/i><a href=\"https:\/\/www.tricary.com\/index.php\/2021\/06\/16\/londres_final\/\"><\/a><\/div><div class=\"eael-entry-thumbnail\">\n                <img width=\"300\" height=\"300\" src=\"https:\/\/www.tricary.com\/wp-content\/uploads\/2020\/11\/foto_tour-3-300x300.jpg\" class=\"attachment-medium size-medium\" alt=\"\" loading=\"lazy\" srcset=\"https:\/\/www.tricary.com\/wp-content\/uploads\/2020\/11\/foto_tour-3-300x300.jpg 300w, https:\/\/www.tricary.com\/wp-content\/uploads\/2020\/11\/foto_tour-3-150x150.jpg 150w, https:\/\/www.tricary.com\/wp-content\/uploads\/2020\/11\/foto_tour-3-100x100.jpg 100w, https:\/\/www.tricary.com\/wp-content\/uploads\/2020\/11\/foto_tour-3.jpg 508w\" sizes=\"(max-width: 300px) 100vw, 300px\" \/>\n            <\/div>\n        <\/div><div class=\"eael-entry-wrapper\"><div class=\"eael-entry-content\">\n                        <div class=\"eael-grid-post-excerpt\"><p>Mi nombre es Titor y soy un viajero del tiempo. \u00bfPuedo confiar en vosotros para...<\/p><a\n                            href=\"https:\/\/www.tricary.com\/index.php\/2021\/06\/16\/londres_final\/\"\n                            class=\"eael-post-elements-readmore-btn\">Empezar<\/a><\/div>\n                    <\/div><\/div><\/div>\n        <\/div>\n    <\/article><article class=\"eael-grid-post eael-post-grid-column\" data-id=\"2655\">\n        <div class=\"eael-grid-post-holder\">\n            <div class=\"eael-grid-post-holder-inner\"><div class=\"eael-entry-media\"><div class=\"eael-entry-overlay fade-in\"><i class=\"fas fa-long-arrow-alt-right\" aria-hidden=\"true\"><\/i><a href=\"https:\/\/www.tricary.com\/index.php\/2021\/05\/21\/londres_009_resultado\/\"><\/a><\/div><div class=\"eael-entry-thumbnail\">\n                <img width=\"300\" height=\"300\" src=\"https:\/\/www.tricary.com\/wp-content\/uploads\/2020\/11\/foto_tour-3-300x300.jpg\" class=\"attachment-medium size-medium\" alt=\"\" loading=\"lazy\" srcset=\"https:\/\/www.tricary.com\/wp-content\/uploads\/2020\/11\/foto_tour-3-300x300.jpg 300w, https:\/\/www.tricary.com\/wp-content\/uploads\/2020\/11\/foto_tour-3-150x150.jpg 150w, https:\/\/www.tricary.com\/wp-content\/uploads\/2020\/11\/foto_tour-3-100x100.jpg 100w, https:\/\/www.tricary.com\/wp-content\/uploads\/2020\/11\/foto_tour-3.jpg 508w\" sizes=\"(max-width: 300px) 100vw, 300px\" \/>\n            <\/div>\n        <\/div><div class=\"eael-entry-wrapper\"><div class=\"eael-entry-content\">\n                        <div class=\"eael-grid-post-excerpt\"><p>Mi nombre es Titor y soy un viajero del tiempo. \u00bfPuedo confiar en vosotros para...<\/p><a\n                            href=\"https:\/\/www.tricary.com\/index.php\/2021\/05\/21\/londres_009_resultado\/\"\n                            class=\"eael-post-elements-readmore-btn\">Empezar<\/a><\/div>\n                    <\/div><\/div><\/div>\n        <\/div>\n    <\/article><article class=\"eael-grid-post eael-post-grid-column\" data-id=\"2540\">\n        <div class=\"eael-grid-post-holder\">\n            <div class=\"eael-grid-post-holder-inner\"><div class=\"eael-entry-media\"><div class=\"eael-entry-overlay fade-in\"><i class=\"fas fa-long-arrow-alt-right\" aria-hidden=\"true\"><\/i><a href=\"https:\/\/www.tricary.com\/index.php\/2021\/05\/06\/lisboa_009_resultado\/\"><\/a><\/div><div class=\"eael-entry-thumbnail\">\n                <img width=\"300\" height=\"300\" src=\"https:\/\/www.tricary.com\/wp-content\/uploads\/2020\/11\/foto_tour-3-300x300.jpg\" class=\"attachment-medium size-medium\" alt=\"\" loading=\"lazy\" srcset=\"https:\/\/www.tricary.com\/wp-content\/uploads\/2020\/11\/foto_tour-3-300x300.jpg 300w, https:\/\/www.tricary.com\/wp-content\/uploads\/2020\/11\/foto_tour-3-150x150.jpg 150w, https:\/\/www.tricary.com\/wp-content\/uploads\/2020\/11\/foto_tour-3-100x100.jpg 100w, https:\/\/www.tricary.com\/wp-content\/uploads\/2020\/11\/foto_tour-3.jpg 508w\" sizes=\"(max-width: 300px) 100vw, 300px\" \/>\n            <\/div>\n        <\/div><div class=\"eael-entry-wrapper\"><div class=\"eael-entry-content\">\n                        <div class=\"eael-grid-post-excerpt\"><p>Mi nombre es Titor y soy un viajero del tiempo. \u00bfPuedo confiar en vosotros para...<\/p><a\n                            href=\"https:\/\/www.tricary.com\/index.php\/2021\/05\/06\/lisboa_009_resultado\/\"\n                            class=\"eael-post-elements-readmore-btn\">Empezar<\/a><\/div>\n                    <\/div><\/div><\/div>\n        <\/div>\n    <\/article><\/div>\n            <div class=\"clearfix\"><\/div>\n        <\/div>\t\t<\/div>\n\t\t\t\t<\/div>\n\t\t\t\t\t\t<\/div>\n\t\t\t\t\t<\/div>\n\t\t<\/div>\n\t\t\t\t\t\t\t\t<\/div>\n\t\t\t\t\t<\/div>\n\t\t<\/section>\n\t\t\t\t\t\t<\/div>\n\t\t\t\t\t\t<\/div>\n\t\t\t\t\t<\/div>\n\t\t","protected":false},"excerpt":{"rendered":"<p>Misiones Misiones \u00a1Elige una misi\u00f3n y que comience la aventura! Bienvenues! Me llamo Sophie, vivo en el siglo III despu\u00e9s de la colonizaci\u00f3n de Marte&#8230; Empezar \u00a1Hola! Encantado de conoceros. Soy Vulpius, un guerrero del siglo XXIII encargado de defender la&#8230; Empezar Mi nombre es Titor y soy un viajero del tiempo. \u00bfPuedo confiar en [&hellip;]<\/p>\n","protected":false},"author":2,"featured_media":0,"parent":0,"menu_order":0,"comment_status":"closed","ping_status":"closed","template":"","meta":[],"_links":{"self":[{"href":"https:\/\/www.tricary.com\/index.php\/wp-json\/wp\/v2\/pages\/833"}],"collection":[{"href":"https:\/\/www.tricary.com\/index.php\/wp-json\/wp\/v2\/pages"}],"about":[{"href":"https:\/\/www.tricary.com\/index.php\/wp-json\/wp\/v2\/types\/page"}],"author":[{"embeddable":true,"href":"https:\/\/www.tricary.com\/index.php\/wp-json\/wp\/v2\/users\/2"}],"replies":[{"embeddable":true,"href":"https:\/\/www.tricary.com\/index.php\/wp-json\/wp\/v2\/comments?post=833"}],"version-history":[{"count":26,"href":"https:\/\/www.tricary.com\/index.php\/wp-json\/wp\/v2\/pages\/833\/revisions"}],"predecessor-version":[{"id":1975,"href":"https:\/\/www.tricary.com\/index.php\/wp-json\/wp\/v2\/pages\/833\/revisions\/1975"}],"wp:attachment":[{"href":"https:\/\/www.tricary.com\/index.php\/wp-json\/wp\/v2\/media?parent=833"}],"curies":[{"name":"wp","href":"https:\/\/api.w.org\/{rel}","templated":true}]}}