{"id":682,"date":"2020-11-22T19:10:49","date_gmt":"2020-11-22T19:10:49","guid":{"rendered":"https:\/\/www.tricary.com\/?page_id=682"},"modified":"2020-12-28T09:41:41","modified_gmt":"2020-12-28T09:41:41","slug":"tours","status":"publish","type":"page","link":"https:\/\/www.tricary.com\/index.php\/tours\/","title":{"rendered":"Tours"},"content":{"rendered":"\t\t<div data-elementor-type=\"wp-page\" data-elementor-id=\"682\" class=\"elementor elementor-682\" data-elementor-settings=\"[]\">\n\t\t\t\t\t\t<div class=\"elementor-inner\">\n\t\t\t\t\t\t\t<div class=\"elementor-section-wrap\">\n\t\t\t\t\t\t\t<section class=\"elementor-section elementor-top-section elementor-element elementor-element-2562b98 elementor-section-full_width elementor-hidden-phone elementor-section-height-default elementor-section-height-default\" data-id=\"2562b98\" data-element_type=\"section\" data-settings=\"{&quot;background_background&quot;:&quot;slideshow&quot;,&quot;background_slideshow_gallery&quot;:[{&quot;id&quot;:684,&quot;url&quot;:&quot;https:\\\/\\\/www.tricary.com\\\/wp-content\\\/uploads\\\/2020\\\/11\\\/steampunk-3006650_1920.jpg&quot;}],&quot;background_slideshow_loop&quot;:&quot;yes&quot;,&quot;background_slideshow_slide_duration&quot;:5000,&quot;background_slideshow_slide_transition&quot;:&quot;fade&quot;,&quot;background_slideshow_transition_duration&quot;:500}\">\n\t\t\t\t\t\t<div class=\"elementor-container elementor-column-gap-default\">\n\t\t\t\t\t\t\t<div class=\"elementor-row\">\n\t\t\t\t\t<div class=\"elementor-column elementor-col-100 elementor-top-column elementor-element elementor-element-7f0f91a\" data-id=\"7f0f91a\" data-element_type=\"column\">\n\t\t\t<div class=\"elementor-column-wrap elementor-element-populated\">\n\t\t\t\t\t\t\t<div class=\"elementor-widget-wrap\">\n\t\t\t\t\t\t<div class=\"elementor-element elementor-element-6782a67 elementor-widget elementor-widget-spacer\" data-id=\"6782a67\" data-element_type=\"widget\" data-widget_type=\"spacer.default\">\n\t\t\t\t<div class=\"elementor-widget-container\">\n\t\t\t\t\t<div class=\"elementor-spacer\">\n\t\t\t<div class=\"elementor-spacer-inner\"><\/div>\n\t\t<\/div>\n\t\t\t\t<\/div>\n\t\t\t\t<\/div>\n\t\t\t\t<div class=\"elementor-element elementor-element-671be13 elementor-widget elementor-widget-heading\" data-id=\"671be13\" data-element_type=\"widget\" data-widget_type=\"heading.default\">\n\t\t\t\t<div class=\"elementor-widget-container\">\n\t\t\t<h1 class=\"elementor-heading-title elementor-size-default\">Kits para misiones<\/h1>\t\t<\/div>\n\t\t\t\t<\/div>\n\t\t\t\t<div class=\"elementor-element elementor-element-2c21022 elementor-widget elementor-widget-spacer\" data-id=\"2c21022\" data-element_type=\"widget\" data-widget_type=\"spacer.default\">\n\t\t\t\t<div class=\"elementor-widget-container\">\n\t\t\t\t\t<div class=\"elementor-spacer\">\n\t\t\t<div class=\"elementor-spacer-inner\"><\/div>\n\t\t<\/div>\n\t\t\t\t<\/div>\n\t\t\t\t<\/div>\n\t\t\t\t\t\t<\/div>\n\t\t\t\t\t<\/div>\n\t\t<\/div>\n\t\t\t\t\t\t\t\t<\/div>\n\t\t\t\t\t<\/div>\n\t\t<\/section>\n\t\t\t\t<section class=\"elementor-section elementor-top-section elementor-element elementor-element-2eb35d5 elementor-section-boxed elementor-section-height-default elementor-section-height-default\" data-id=\"2eb35d5\" data-element_type=\"section\">\n\t\t\t\t\t\t<div class=\"elementor-container elementor-column-gap-default\">\n\t\t\t\t\t\t\t<div class=\"elementor-row\">\n\t\t\t\t\t<div class=\"elementor-column elementor-col-100 elementor-top-column elementor-element elementor-element-40ca7cb\" data-id=\"40ca7cb\" data-element_type=\"column\">\n\t\t\t<div class=\"elementor-column-wrap elementor-element-populated\">\n\t\t\t\t\t\t\t<div class=\"elementor-widget-wrap\">\n\t\t\t\t\t\t<div class=\"elementor-element elementor-element-60ff1e1 elementor-widget elementor-widget-spacer\" data-id=\"60ff1e1\" data-element_type=\"widget\" data-widget_type=\"spacer.default\">\n\t\t\t\t<div class=\"elementor-widget-container\">\n\t\t\t\t\t<div class=\"elementor-spacer\">\n\t\t\t<div class=\"elementor-spacer-inner\"><\/div>\n\t\t<\/div>\n\t\t\t\t<\/div>\n\t\t\t\t<\/div>\n\t\t\t\t\t\t<\/div>\n\t\t\t\t\t<\/div>\n\t\t<\/div>\n\t\t\t\t\t\t\t\t<\/div>\n\t\t\t\t\t<\/div>\n\t\t<\/section>\n\t\t\t\t<section class=\"elementor-section elementor-top-section elementor-element elementor-element-2fe1679 elementor-section-boxed elementor-section-height-default elementor-section-height-default\" data-id=\"2fe1679\" data-element_type=\"section\">\n\t\t\t\t\t\t<div class=\"elementor-container elementor-column-gap-default\">\n\t\t\t\t\t\t\t<div class=\"elementor-row\">\n\t\t\t\t\t<div class=\"elementor-column elementor-col-100 elementor-top-column elementor-element elementor-element-91e44fb\" data-id=\"91e44fb\" data-element_type=\"column\">\n\t\t\t<div class=\"elementor-column-wrap elementor-element-populated\">\n\t\t\t\t\t\t\t<div class=\"elementor-widget-wrap\">\n\t\t\t\t\t\t<div class=\"elementor-element elementor-element-0d907f5 elementor-widget elementor-widget-heading\" data-id=\"0d907f5\" data-element_type=\"widget\" data-widget_type=\"heading.default\">\n\t\t\t\t<div class=\"elementor-widget-container\">\n\t\t\t<h2 class=\"elementor-heading-title elementor-size-default\">Kits para Misiones<\/h2>\t\t<\/div>\n\t\t\t\t<\/div>\n\t\t\t\t<div class=\"elementor-element elementor-element-e4a1361 elementor-widget elementor-widget-spacer\" data-id=\"e4a1361\" data-element_type=\"widget\" data-widget_type=\"spacer.default\">\n\t\t\t\t<div class=\"elementor-widget-container\">\n\t\t\t\t\t<div class=\"elementor-spacer\">\n\t\t\t<div class=\"elementor-spacer-inner\"><\/div>\n\t\t<\/div>\n\t\t\t\t<\/div>\n\t\t\t\t<\/div>\n\t\t\t\t<div class=\"elementor-element elementor-element-5311b6a elementor-widget elementor-widget-text-editor\" data-id=\"5311b6a\" data-element_type=\"widget\" data-widget_type=\"text-editor.default\">\n\t\t\t\t<div class=\"elementor-widget-container\">\n\t\t\t\t\t<div class=\"elementor-text-editor elementor-clearfix\"><p>\u00a1Transforma tus viajes en aventuras!\u00a0<\/p><p>Elige tu pr\u00f3xima misi\u00f3n y adquiere el kit adecuado para realizarla.<\/p><\/div>\n\t\t\t\t<\/div>\n\t\t\t\t<\/div>\n\t\t\t\t<div class=\"elementor-element elementor-element-12e5987 elementor-widget elementor-widget-wp-widget-woocommerce_product_search\" data-id=\"12e5987\" data-element_type=\"widget\" data-widget_type=\"wp-widget-woocommerce_product_search.default\">\n\t\t\t\t<div class=\"elementor-widget-container\">\n\t\t\t<div class=\"woocommerce widget_product_search\"><form role=\"search\" method=\"get\" class=\"woocommerce-product-search\" action=\"https:\/\/www.tricary.com\/\">\n\t<label class=\"screen-reader-text\" for=\"woocommerce-product-search-field-0\">Buscar por:<\/label>\n\t<input type=\"search\" id=\"woocommerce-product-search-field-0\" class=\"search-field\" placeholder=\"Buscar productos&hellip;\" value=\"\" name=\"s\" \/>\n\t<button type=\"submit\" value=\"Buscar\">Buscar<\/button>\n\t<input type=\"hidden\" name=\"post_type\" value=\"product\" \/>\n<\/form>\n<\/div>\t\t<\/div>\n\t\t\t\t<\/div>\n\t\t\t\t<div class=\"elementor-element elementor-element-7d5cfbb eael-product-grid-column-3 elementor-widget elementor-widget-eicon-woocommerce\" data-id=\"7d5cfbb\" data-element_type=\"widget\" data-widget_type=\"eicon-woocommerce.default\">\n\t\t\t\t<div class=\"elementor-widget-container\">\n\t\t\t\n        <div class=\"eael-product-grid eael-product-reveal masonry\" id=\"eael-product-grid\" data-widget-id=\"7d5cfbb\" data-page-id=\"682\" data-nonce=\"5eb564eb71\" >\n            <div class=\"woocommerce\">\n                <ul class=\"products\" data-layout-mode=\"masonry\">    <li class=\"product\">\n        <div class=\"eael-product-wrap\">\n                        <img width=\"300\" height=\"200\" src=\"https:\/\/www.tricary.com\/wp-content\/uploads\/2021\/02\/Bicycle-Bicycles-Holland-Bike-Amsterdam-City-2241485-830x553-1-300x200.jpg\" class=\"attachment-medium size-medium\" alt=\"\" loading=\"eager\" \/><div class=\"eael-product-title\">\n            <a href=\"https:\/\/www.tricary.com\/index.php\/producto\/amsterdam\/\" class=\"woocommerce-LoopProduct-link woocommerce-loop-product__link\"><h2 class=\"woocommerce-loop-product__title\">\u00c1msterdam<\/h2><\/a>\n            <\/div><div class=\"star-rating\"><span style=\"width:0%\">Valorado en <strong class=\"rating\">0<\/strong> de 5<\/span><\/div><div class=\"eael-product-price\"><span class=\"woocommerce-Price-amount amount\"><bdi><span class=\"woocommerce-Price-currencySymbol\">&euro;<\/span>9,99<\/bdi><\/span><\/div>            <a href=\"?add-to-cart=1977\" data-quantity=\"1\" class=\"button product_type_simple add_to_cart_button ajax_add_to_cart\" data-product_id=\"1977\" data-product_sku=\"\" aria-label=\"A\u00f1ade &ldquo;\u00c1msterdam&rdquo; a tu carrito\" rel=\"nofollow\">A\u00f1adir al carrito<\/a>        <\/div>\n    <\/li>\n        <li class=\"product\">\n        <div class=\"eael-product-wrap\">\n                        <img width=\"300\" height=\"300\" src=\"https:\/\/www.tricary.com\/wp-content\/uploads\/2020\/11\/foto_tour-3-300x300.jpg\" class=\"attachment-medium size-medium\" alt=\"\" loading=\"eager\" \/><div class=\"eael-product-title\">\n            <a href=\"https:\/\/www.tricary.com\/index.php\/producto\/malaga\/\" class=\"woocommerce-LoopProduct-link woocommerce-loop-product__link\"><h2 class=\"woocommerce-loop-product__title\">M\u00e1laga<\/h2><\/a>\n            <\/div><div class=\"star-rating\"><span style=\"width:0%\">Valorado en <strong class=\"rating\">0<\/strong> de 5<\/span><\/div><div class=\"eael-product-price\"><span class=\"woocommerce-Price-amount amount\"><bdi><span class=\"woocommerce-Price-currencySymbol\">&euro;<\/span>9,99<\/bdi><\/span><\/div>            <a href=\"?add-to-cart=506\" data-quantity=\"1\" class=\"button product_type_simple add_to_cart_button ajax_add_to_cart\" data-product_id=\"506\" data-product_sku=\"\" aria-label=\"A\u00f1ade &ldquo;M\u00e1laga&rdquo; a tu carrito\" rel=\"nofollow\">A\u00f1adir al carrito<\/a>        <\/div>\n    <\/li>\n        <li class=\"product\">\n        <div class=\"eael-product-wrap\">\n                        <img width=\"300\" height=\"300\" src=\"https:\/\/www.tricary.com\/wp-content\/uploads\/2020\/12\/building-102840_1280-300x300.jpg\" class=\"attachment-medium size-medium\" alt=\"\" loading=\"eager\" \/><div class=\"eael-product-title\">\n            <a href=\"https:\/\/www.tricary.com\/index.php\/producto\/paris\/\" class=\"woocommerce-LoopProduct-link woocommerce-loop-product__link\"><h2 class=\"woocommerce-loop-product__title\">Par\u00eds<\/h2><\/a>\n            <\/div><div class=\"star-rating\"><span style=\"width:0%\">Valorado en <strong class=\"rating\">0<\/strong> de 5<\/span><\/div><div class=\"eael-product-price\"><span class=\"woocommerce-Price-amount amount\"><bdi><span class=\"woocommerce-Price-currencySymbol\">&euro;<\/span>9,99<\/bdi><\/span><\/div>            <a href=\"?add-to-cart=1639\" data-quantity=\"1\" class=\"button product_type_simple add_to_cart_button ajax_add_to_cart\" data-product_id=\"1639\" data-product_sku=\"\" aria-label=\"A\u00f1ade &ldquo;Par\u00eds&rdquo; a tu carrito\" rel=\"nofollow\">A\u00f1adir al carrito<\/a>        <\/div>\n    <\/li>\n        <li class=\"product\">\n        <div class=\"eael-product-wrap\">\n                        <img width=\"300\" height=\"300\" src=\"https:\/\/www.tricary.com\/wp-content\/uploads\/2020\/11\/foto_tour-2-300x300.jpg\" class=\"attachment-medium size-medium\" alt=\"\" loading=\"eager\" \/><div class=\"eael-product-title\">\n            <a href=\"https:\/\/www.tricary.com\/index.php\/producto\/valencia\/\" class=\"woocommerce-LoopProduct-link woocommerce-loop-product__link\"><h2 class=\"woocommerce-loop-product__title\">Valencia<\/h2><\/a>\n            <\/div><div class=\"star-rating\"><span style=\"width:0%\">Valorado en <strong class=\"rating\">0<\/strong> de 5<\/span><\/div><div class=\"eael-product-price\"><span class=\"woocommerce-Price-amount amount\"><bdi><span class=\"woocommerce-Price-currencySymbol\">&euro;<\/span>9,99<\/bdi><\/span><\/div>            <a href=\"?add-to-cart=458\" data-quantity=\"1\" class=\"button product_type_simple add_to_cart_button ajax_add_to_cart\" data-product_id=\"458\" data-product_sku=\"\" aria-label=\"A\u00f1ade &ldquo;Valencia&rdquo; a tu carrito\" rel=\"nofollow\">A\u00f1adir al carrito<\/a>        <\/div>\n    <\/li>\n    <\/ul>            <\/div>\n        <\/div>\n        <script type=\"text\/javascript\">\n            jQuery(document).ready(function($) {\n                var $scope = jQuery(\".elementor-element-7d5cfbb\");\n                var $products = $('.products', $scope);\n                var $layout_mode = $products.data('layout-mode');\n                \n                if ( $layout_mode === 'masonry' ) {\n                    \/\/ init isotope\n                    var $isotope_products = $products.isotope({\n                        itemSelector: \"li.product\",\n                        layoutMode: $layout_mode,\n                        percentPosition: true\n                    });\n\n                    $isotope_products.imagesLoaded().progress( function() {\n                        $isotope_products.isotope('layout');\n                    })\n\n                    $(window).on('resize', function() {\n                        $isotope_products.isotope('layout');\n                    });\n                }\n            });\n        <\/script>\n        \t\t<\/div>\n\t\t\t\t<\/div>\n\t\t\t\t\t\t<\/div>\n\t\t\t\t\t<\/div>\n\t\t<\/div>\n\t\t\t\t\t\t\t\t<\/div>\n\t\t\t\t\t<\/div>\n\t\t<\/section>\n\t\t\t\t\t\t<\/div>\n\t\t\t\t\t\t<\/div>\n\t\t\t\t\t<\/div>\n\t\t","protected":false},"excerpt":{"rendered":"<p>Kits para misiones Kits para Misiones \u00a1Transforma tus viajes en aventuras!\u00a0 Elige tu pr\u00f3xima misi\u00f3n y adquiere el kit adecuado para realizarla. M\u00e1laga Valorado en 0 de 5 \u00a1Oferta! &euro;9,99 &euro;0,00 A\u00f1adir al carrito Par\u00eds Valorado en 0 de 5 \u00a1Oferta! &euro;9,99 &euro;0,00 A\u00f1adir al carrito Valencia Valorado en 0 de 5 \u00a1Oferta! &euro;9,99 &euro;0,00 [&hellip;]<\/p>\n","protected":false},"author":2,"featured_media":0,"parent":0,"menu_order":0,"comment_status":"closed","ping_status":"closed","template":"","meta":[],"_links":{"self":[{"href":"https:\/\/www.tricary.com\/index.php\/wp-json\/wp\/v2\/pages\/682"}],"collection":[{"href":"https:\/\/www.tricary.com\/index.php\/wp-json\/wp\/v2\/pages"}],"about":[{"href":"https:\/\/www.tricary.com\/index.php\/wp-json\/wp\/v2\/types\/page"}],"author":[{"embeddable":true,"href":"https:\/\/www.tricary.com\/index.php\/wp-json\/wp\/v2\/users\/2"}],"replies":[{"embeddable":true,"href":"https:\/\/www.tricary.com\/index.php\/wp-json\/wp\/v2\/comments?post=682"}],"version-history":[{"count":32,"href":"https:\/\/www.tricary.com\/index.php\/wp-json\/wp\/v2\/pages\/682\/revisions"}],"predecessor-version":[{"id":2704,"href":"https:\/\/www.tricary.com\/index.php\/wp-json\/wp\/v2\/pages\/682\/revisions\/2704"}],"wp:attachment":[{"href":"https:\/\/www.tricary.com\/index.php\/wp-json\/wp\/v2\/media?parent=682"}],"curies":[{"name":"wp","href":"https:\/\/api.w.org\/{rel}","templated":true}]}}